{"id":10677,"date":"2025-08-20T00:32:58","date_gmt":"2025-08-19T21:32:58","guid":{"rendered":"https:\/\/dgam.gov.sy\/?page_id=10677"},"modified":"2025-09-12T20:58:08","modified_gmt":"2025-09-12T17:58:08","slug":"batiments-historiques","status":"publish","type":"page","link":"https:\/\/dgam.gov.sy\/?page_id=10677&lang=fr","title":{"rendered":"B\u00e2timents Historiques"},"content":{"rendered":"\t\t<div data-elementor-type=\"wp-page\" data-elementor-id=\"10677\" class=\"elementor elementor-10677\">\n\t\t\t\t<div class=\"elementor-element elementor-element-681cedc e-flex e-con-boxed e-con e-parent\" data-id=\"681cedc\" data-element_type=\"container\" data-e-type=\"container\" data-settings=\"{&quot;background_background&quot;:&quot;classic&quot;}\">\n\t\t\t\t\t<div class=\"e-con-inner\">\n\t\t<div class=\"elementor-element elementor-element-070cdb5 e-con-full e-flex e-con e-child\" data-id=\"070cdb5\" data-element_type=\"container\" data-e-type=\"container\">\n\t\t\t\t<div class=\"elementor-element elementor-element-87d8dfd elementor-widget elementor-widget-heading\" data-id=\"87d8dfd\" data-element_type=\"widget\" data-e-type=\"widget\" data-widget_type=\"heading.default\">\n\t\t\t\t<div class=\"elementor-widget-container\">\n\t\t\t\t\t<h2 class=\"elementor-heading-title elementor-size-default\">B\u00e2timents Historiques<\/h2>\t\t\t\t<\/div>\n\t\t\t\t<\/div>\n\t\t\t\t<\/div>\n\t\t\t\t\t<\/div>\n\t\t\t\t<\/div>\n\t\t<div class=\"elementor-element elementor-element-927fbb8 e-flex e-con-boxed e-con e-parent\" data-id=\"927fbb8\" data-element_type=\"container\" data-e-type=\"container\">\n\t\t\t\t\t<div class=\"e-con-inner\">\n\t\t<div class=\"elementor-element elementor-element-601f144 e-con-full e-flex e-con e-child\" data-id=\"601f144\" data-element_type=\"container\" data-e-type=\"container\">\n\t\t<div class=\"elementor-element elementor-element-90168cc e-con-full e-flex e-con e-child\" data-id=\"90168cc\" data-element_type=\"container\" data-e-type=\"container\">\n\t\t<div class=\"elementor-element elementor-element-5c1d215 e-con-full e-flex e-con e-child\" data-id=\"5c1d215\" data-element_type=\"container\" data-e-type=\"container\">\n\t\t\t\t<div class=\"elementor-element elementor-element-3503d7f elementor-widget elementor-widget-heading\" data-id=\"3503d7f\" data-element_type=\"widget\" data-e-type=\"widget\" data-widget_type=\"heading.default\">\n\t\t\t\t<div class=\"elementor-widget-container\">\n\t\t\t\t\t<h2 class=\"elementor-heading-title elementor-size-default\">Des monuments qui vibrent de l\u2019esprit du pass\u00e9<\/h2>\t\t\t\t<\/div>\n\t\t\t\t<\/div>\n\t\t\t\t<div class=\"elementor-element elementor-element-c1caef5 elementor-widget elementor-widget-text-editor\" data-id=\"c1caef5\" data-element_type=\"widget\" data-e-type=\"widget\" data-widget_type=\"text-editor.default\">\n\t\t\t\t<div class=\"elementor-widget-container\">\n\t\t\t\t\t\t\t\t\t<p data-start=\"25\" data-end=\"634\">Les anciennes villes et zones rurales de la Syrie poss\u00e8dent un patrimoine architectural unique qui refl\u00e8te l\u2019interaction de l\u2019humanit\u00e9 avec l\u2019environnement, le temps et les syst\u00e8mes de croyance. Les b\u00e2timents historiques en Syrie ne sont pas de simples structures en pierre et en argile ; ce sont des textes architecturaux racontant le parcours d\u2019un peuple et de sa culture \u00e0 travers les si\u00e8cles. Des ch\u00e2teaux fortifi\u00e9s aux maisons damasc\u00e8nes richement d\u00e9cor\u00e9es, et des mosqu\u00e9es et \u00e9coles aux khans et bains, ces b\u00e2timents forment un paysage coh\u00e9rent mettant en valeur le g\u00e9nie de l\u2019architecture syrienne.<\/p><p data-start=\"636\" data-end=\"1021\">La Citadelle d\u2019Al-Hosn, la Mosqu\u00e9e Omeyyade, le Palais Azm, la Citadelle d\u2019Alep et les arcades du bazar de Madhat Pacha\u2026 ce sont des exemples vivants d\u2019un riche patrimoine qui a su pr\u00e9server son identit\u00e9 au fil du temps. Chaque b\u00e2timent porte les marques de civilisations successives qui ont interagi et cr\u00e9\u00e9 un style architectural distinct, alliant beaut\u00e9, fonctionnalit\u00e9 et esprit.<\/p><p data-start=\"1023\" data-end=\"1396\" data-is-last-node=\"\" data-is-only-node=\"\">La Direction g\u00e9n\u00e9rale des Antiquit\u00e9s et des Mus\u00e9es s\u2019efforce de prot\u00e9ger ces monuments contre les menaces \u2014 qu\u2019il s\u2019agisse de n\u00e9gligence, d\u2019empi\u00e9tements ou de conflits \u2014 \u00e0 travers des projets de restauration pr\u00e9cis, une documentation continue et l\u2019utilisation de ces b\u00e2timents comme espaces culturels qui renforcent l\u2019identit\u00e9 nationale et ravivent la m\u00e9moire collective.<\/p>\t\t\t\t\t\t\t\t<\/div>\n\t\t\t\t<\/div>\n\t\t\t\t<\/div>\n\t\t<div class=\"elementor-element elementor-element-15d193c e-con-full e-flex e-con e-child\" data-id=\"15d193c\" data-element_type=\"container\" data-e-type=\"container\" data-settings=\"{&quot;background_background&quot;:&quot;classic&quot;}\">\n\t\t\t\t<div class=\"elementor-element elementor-element-ef247e7 elementor-absolute elementor-widget elementor-widget-image\" data-id=\"ef247e7\" data-element_type=\"widget\" data-e-type=\"widget\" data-settings=\"{&quot;_position&quot;:&quot;absolute&quot;}\" data-widget_type=\"image.default\">\n\t\t\t\t<div class=\"elementor-widget-container\">\n\t\t\t\t\t\t\t\t\t\t\t\t\t\t\t<img fetchpriority=\"high\" decoding=\"async\" width=\"250\" height=\"370\" src=\"https:\/\/dgam.gov.sy\/wp-content\/uploads\/2025\/05\/about-4-dots.png\" class=\"attachment-large size-large wp-image-9758\" alt=\"\" srcset=\"https:\/\/dgam.gov.sy\/wp-content\/uploads\/2025\/05\/about-4-dots.png 250w, https:\/\/dgam.gov.sy\/wp-content\/uploads\/2025\/05\/about-4-dots-203x300.png 203w\" sizes=\"(max-width: 250px) 100vw, 250px\" \/>\t\t\t\t\t\t\t\t\t\t\t\t\t\t\t<\/div>\n\t\t\t\t<\/div>\n\t\t\t\t<div class=\"elementor-element elementor-element-22d69bb elementor-widget elementor-widget-image\" data-id=\"22d69bb\" data-element_type=\"widget\" data-e-type=\"widget\" data-widget_type=\"image.default\">\n\t\t\t\t<div class=\"elementor-widget-container\">\n\t\t\t\t\t\t\t\t\t\t\t\t\t\t\t<img decoding=\"async\" width=\"850\" height=\"567\" src=\"https:\/\/dgam.gov.sy\/wp-content\/uploads\/2025\/05\/aljam-alamwy-bdmshq-2008m-Orhan-Cam-Great-Umayyad-Mosque-in-Damascus-by-Orhan-Cam.jpg\" class=\"attachment-large size-large wp-image-10095\" alt=\"\" srcset=\"https:\/\/dgam.gov.sy\/wp-content\/uploads\/2025\/05\/aljam-alamwy-bdmshq-2008m-Orhan-Cam-Great-Umayyad-Mosque-in-Damascus-by-Orhan-Cam.jpg 850w, https:\/\/dgam.gov.sy\/wp-content\/uploads\/2025\/05\/aljam-alamwy-bdmshq-2008m-Orhan-Cam-Great-Umayyad-Mosque-in-Damascus-by-Orhan-Cam-300x200.jpg 300w, https:\/\/dgam.gov.sy\/wp-content\/uploads\/2025\/05\/aljam-alamwy-bdmshq-2008m-Orhan-Cam-Great-Umayyad-Mosque-in-Damascus-by-Orhan-Cam-768x512.jpg 768w\" sizes=\"(max-width: 850px) 100vw, 850px\" \/>\t\t\t\t\t\t\t\t\t\t\t\t\t\t\t<\/div>\n\t\t\t\t<\/div>\n\t\t\t\t<\/div>\n\t\t\t\t<\/div>\n\t\t\t\t<\/div>\n\t\t\t\t\t<\/div>\n\t\t\t\t<\/div>\n\t\t<div class=\"elementor-element elementor-element-efe23c9 e-flex e-con-boxed e-con e-parent\" data-id=\"efe23c9\" data-element_type=\"container\" data-e-type=\"container\">\n\t\t\t\t\t<div class=\"e-con-inner\">\n\t\t\t\t<div class=\"elementor-element elementor-element-6ccd4cd elementor-widget elementor-widget-heading\" data-id=\"6ccd4cd\" data-element_type=\"widget\" data-e-type=\"widget\" data-widget_type=\"heading.default\">\n\t\t\t\t<div class=\"elementor-widget-container\">\n\t\t\t\t\t<h2 class=\"elementor-heading-title elementor-size-default\">Explore Some Historical Buildings<\/h2>\t\t\t\t<\/div>\n\t\t\t\t<\/div>\n\t\t\t\t<div class=\"elementor-element elementor-element-5d2f068 elementor-widget elementor-widget-elementskit-blog-posts\" data-id=\"5d2f068\" data-element_type=\"widget\" data-e-type=\"widget\" data-widget_type=\"elementskit-blog-posts.default\">\n\t\t\t\t<div class=\"elementor-widget-container\">\n\t\t\t\t\t<div class=\"ekit-wid-con\" >        <div id=\"post-items--5d2f068\" class=\"row post-items\">\n                    <div class=\"col-lg-4 col-md-6\">\n\n                                    <div class=\"elementskit-post-image-card\">\n                        <div class=\"elementskit-entry-header\">\n                                                            <a href=\"https:\/\/dgam.gov.sy\/?p=11574\" class=\"elementskit-entry-thumb\">\n                                    <img decoding=\"async\" src=\"https:\/\/dgam.gov.sy\/wp-content\/uploads\/2025\/12\/WhatsApp-Image-2025-12-23-at-12.12.40-PM.jpeg\" alt=\"\u0628\u062f\u0621 \u0645\u0634\u0631\u0648\u0639 \u062a\u0631\u0645\u064a\u0645 \u062c\u0627\u0645\u0639 \u0627\u0644\u0623\u062d\u062f\u0628 \u0627\u0644\u0623\u062b\u0631\u064a \u0641\u064a \u062d\u0645\u0627\u0629 \u062d\u0641\u0627\u0638\u064b\u0627 \u0639\u0644\u0649 \u0627\u0644\u062a\u0631\u0627\u062b \u0627\u0644\u062f\u064a\u0646\u064a \u0648\u0627\u0644\u062b\u0642\u0627\u0641\u064a\">\n                                <\/a><!-- .elementskit-entry-thumb END -->\n                                                                                                    <div class=\"elementskit-meta-lists elementskit-style-tag\">\n                                        <div class=\"elementskit-single-meta triangle_left\"><span class=\"elementskit-meta-wraper\"><strong>23<\/strong>\u062f\u064a\u0633\u0645\u0628\u0631<\/span><\/div>\n                                    <\/div>\n                                                                                            \n                            \n\t\t\t\t\t\t\t\t\t\t\t\t\t<\/div><!-- .elementskit-entry-header END -->\n\n\t\t\t\t\t\t<div class=\"elementskit-post-body \">\n\t\t\t\t\t\t\t\n\t\t\t\t\t\t\t\t\t\t\t\t\t\t\t\t\t\t\t\t\t\t\t\t\t\t\t\t\t\t\n\t\t\t\t\t\t\t\t\n\t\t\t\t\t\t\t\t\t\t\t\t\t\t\t\t\t\t\t\t\t<h2 class=\"entry-title\">\n\t\t\t\t\t<a href=\"https:\/\/dgam.gov.sy\/?p=11574\">\n\t\t\t\t\t\t\u0628\u062f\u0621 \u0645\u0634\u0631\u0648\u0639 \u062a\u0631\u0645\u064a\u0645 \u062c\u0627\u0645\u0639 \u0627\u0644\u0623\u062d\u062f\u0628 \u0627\u0644\u0623\u062b\u0631\u064a \u0641\u064a \u062d\u0645\u0627\u0629\u2026\t\t\t\t\t<\/a>\n\t\t\t\t<\/h2>\n\t\t\t\t\t\t\t\t\t\t\t\t\t\t\t\t\t\t\t\t\t\t\t\t\t\t\t\t\t\t\t\t                                                            <div class=\"btn-wraper\">\n                                                                            <a class=\"elementskit-btn whitespace--normal\" id=\"\" href=\"https:\/\/dgam.gov.sy\/?p=11574\">\n                                            Reading the article                                                                                    <\/a>\n                                    \n                                                                    <\/div>\n                                                    <\/div><!-- .elementskit-post-body END -->\n                    <\/div>\n                \n            <\/div>\n                    <div class=\"col-lg-4 col-md-6\">\n\n                                    <div class=\"elementskit-post-image-card\">\n                        <div class=\"elementskit-entry-header\">\n                                                            <a href=\"https:\/\/dgam.gov.sy\/?p=11441\" class=\"elementskit-entry-thumb\">\n                                    <img decoding=\"async\" src=\"https:\/\/dgam.gov.sy\/wp-content\/uploads\/2025\/11\/WhatsApp-Image-2025-11-24-at-09.09.25_a970cf11.jpg\" alt=\"\u0632\u064a\u0627\u0631\u0629 \u0645\u064a\u062f\u0627\u0646\u064a\u0629 \u0644\u062a\u0639\u0632\u064a\u0632 \u062c\u0647\u0648\u062f \u062d\u0645\u0627\u064a\u0629 \u0627\u0644\u062a\u0631\u0627\u062b \u0641\u064a \u0642\u0644\u0639\u0629 \u0633\u0645\u0639\u0627\u0646 \u0648\u0645\u0648\u0642\u0639 \u0628\u0631\u0627\u062f.\">\n                                <\/a><!-- .elementskit-entry-thumb END -->\n                                                                                                    <div class=\"elementskit-meta-lists elementskit-style-tag\">\n                                        <div class=\"elementskit-single-meta triangle_left\"><span class=\"elementskit-meta-wraper\"><strong>24<\/strong>\u0646\u0648\u0641\u0645\u0628\u0631<\/span><\/div>\n                                    <\/div>\n                                                                                            \n                            \n\t\t\t\t\t\t\t\t\t\t\t\t\t<\/div><!-- .elementskit-entry-header END -->\n\n\t\t\t\t\t\t<div class=\"elementskit-post-body \">\n\t\t\t\t\t\t\t\n\t\t\t\t\t\t\t\t\t\t\t\t\t\t\t\t\t\t\t\t\t\t\t\t\t\t\t\t\t\t\n\t\t\t\t\t\t\t\t\n\t\t\t\t\t\t\t\t\t\t\t\t\t\t\t\t\t\t\t\t\t<h2 class=\"entry-title\">\n\t\t\t\t\t<a href=\"https:\/\/dgam.gov.sy\/?p=11441\">\n\t\t\t\t\t\t\u0632\u064a\u0627\u0631\u0629 \u0645\u064a\u062f\u0627\u0646\u064a\u0629 \u0644\u062a\u0639\u0632\u064a\u0632 \u062c\u0647\u0648\u062f \u062d\u0645\u0627\u064a\u0629 \u0627\u0644\u062a\u0631\u0627\u062b \u0641\u064a \u0642\u0644\u0639\u0629\u2026\t\t\t\t\t<\/a>\n\t\t\t\t<\/h2>\n\t\t\t\t\t\t\t\t\t\t\t\t\t\t\t\t\t\t\t\t\t\t\t\t\t\t\t\t\t\t\t\t                                                            <div class=\"btn-wraper\">\n                                                                            <a class=\"elementskit-btn whitespace--normal\" id=\"\" href=\"https:\/\/dgam.gov.sy\/?p=11441\">\n                                            Reading the article                                                                                    <\/a>\n                                    \n                                                                    <\/div>\n                                                    <\/div><!-- .elementskit-post-body END -->\n                    <\/div>\n                \n            <\/div>\n                    <div class=\"col-lg-4 col-md-6\">\n\n                                    <div class=\"elementskit-post-image-card\">\n                        <div class=\"elementskit-entry-header\">\n                                                            <a href=\"https:\/\/dgam.gov.sy\/?p=10388\" class=\"elementskit-entry-thumb\">\n                                    <img decoding=\"async\" src=\"https:\/\/dgam.gov.sy\/wp-content\/uploads\/2025\/05\/\u0642\u0644\u0639\u0629-\u062f\u0645\u0634\u0642-e1748175253371.jpg\" alt=\"\u0642\u0644\u0639\u0629 \u062f\u0645\u0634\u0642\">\n                                <\/a><!-- .elementskit-entry-thumb END -->\n                                                                                                    <div class=\"elementskit-meta-lists elementskit-style-tag\">\n                                        <div class=\"elementskit-single-meta triangle_left\"><span class=\"elementskit-meta-wraper\"><strong>25<\/strong>\u0645\u0627\u064a\u0648<\/span><\/div>\n                                    <\/div>\n                                                                                            \n                            \n\t\t\t\t\t\t\t\t\t\t\t\t\t<\/div><!-- .elementskit-entry-header END -->\n\n\t\t\t\t\t\t<div class=\"elementskit-post-body \">\n\t\t\t\t\t\t\t\n\t\t\t\t\t\t\t\t\t\t\t\t\t\t\t\t\t\t\t\t\t\t\t\t\t\t\t\t\t\t\n\t\t\t\t\t\t\t\t\n\t\t\t\t\t\t\t\t\t\t\t\t\t\t\t\t\t\t\t\t\t<h2 class=\"entry-title\">\n\t\t\t\t\t<a href=\"https:\/\/dgam.gov.sy\/?p=10388\">\n\t\t\t\t\t\t\u0642\u0644\u0639\u0629 \u062f\u0645\u0634\u0642\t\t\t\t\t<\/a>\n\t\t\t\t<\/h2>\n\t\t\t\t\t\t\t\t\t\t\t\t\t\t\t\t\t\t\t\t\t\t\t\t\t\t\t\t\t\t\t\t                                                            <div class=\"btn-wraper\">\n                                                                            <a class=\"elementskit-btn whitespace--normal\" id=\"\" href=\"https:\/\/dgam.gov.sy\/?p=10388\">\n                                            Reading the article                                                                                    <\/a>\n                                    \n                                                                    <\/div>\n                                                    <\/div><!-- .elementskit-post-body END -->\n                    <\/div>\n                \n            <\/div>\n                    <div class=\"col-lg-4 col-md-6\">\n\n                                    <div class=\"elementskit-post-image-card\">\n                        <div class=\"elementskit-entry-header\">\n                                                            <a href=\"https:\/\/dgam.gov.sy\/?p=10375\" class=\"elementskit-entry-thumb\">\n                                    <img decoding=\"async\" src=\"https:\/\/dgam.gov.sy\/wp-content\/uploads\/2025\/05\/3M0A8742-scaled-1-e1748173890130.jpg\" alt=\"\u0642\u0635\u0631 \u0627\u0644\u0639\u0638\u0645\">\n                                <\/a><!-- .elementskit-entry-thumb END -->\n                                                                                                    <div class=\"elementskit-meta-lists elementskit-style-tag\">\n                                        <div class=\"elementskit-single-meta triangle_left\"><span class=\"elementskit-meta-wraper\"><strong>25<\/strong>\u0645\u0627\u064a\u0648<\/span><\/div>\n                                    <\/div>\n                                                                                            \n                            \n\t\t\t\t\t\t\t\t\t\t\t\t\t<\/div><!-- .elementskit-entry-header END -->\n\n\t\t\t\t\t\t<div class=\"elementskit-post-body \">\n\t\t\t\t\t\t\t\n\t\t\t\t\t\t\t\t\t\t\t\t\t\t\t\t\t\t\t\t\t\t\t\t\t\t\t\t\t\t\n\t\t\t\t\t\t\t\t\n\t\t\t\t\t\t\t\t\t\t\t\t\t\t\t\t\t\t\t\t\t<h2 class=\"entry-title\">\n\t\t\t\t\t<a href=\"https:\/\/dgam.gov.sy\/?p=10375\">\n\t\t\t\t\t\t\u0642\u0635\u0631 \u0627\u0644\u0639\u0638\u0645\t\t\t\t\t<\/a>\n\t\t\t\t<\/h2>\n\t\t\t\t\t\t\t\t\t\t\t\t\t\t\t\t\t\t\t\t\t\t\t\t\t\t\t\t\t\t\t\t                                                            <div class=\"btn-wraper\">\n                                                                            <a class=\"elementskit-btn whitespace--normal\" id=\"\" href=\"https:\/\/dgam.gov.sy\/?p=10375\">\n                                            Reading the article                                                                                    <\/a>\n                                    \n                                                                    <\/div>\n                                                    <\/div><!-- .elementskit-post-body END -->\n                    <\/div>\n                \n            <\/div>\n                    <div class=\"col-lg-4 col-md-6\">\n\n                                    <div class=\"elementskit-post-image-card\">\n                        <div class=\"elementskit-entry-header\">\n                                                            <a href=\"https:\/\/dgam.gov.sy\/?p=10364\" class=\"elementskit-entry-thumb\">\n                                    <img decoding=\"async\" src=\"https:\/\/dgam.gov.sy\/wp-content\/uploads\/2025\/05\/3M0A8815-scaled-1-e1748173488454.jpg\" alt=\"\u062e\u0627\u0646 \u0623\u0633\u0639\u062f \u0628\u0627\u0634\u0627\">\n                                <\/a><!-- .elementskit-entry-thumb END -->\n                                                                                                    <div class=\"elementskit-meta-lists elementskit-style-tag\">\n                                        <div class=\"elementskit-single-meta triangle_left\"><span class=\"elementskit-meta-wraper\"><strong>25<\/strong>\u0645\u0627\u064a\u0648<\/span><\/div>\n                                    <\/div>\n                                                                                            \n                            \n\t\t\t\t\t\t\t\t\t\t\t\t\t<\/div><!-- .elementskit-entry-header END -->\n\n\t\t\t\t\t\t<div class=\"elementskit-post-body \">\n\t\t\t\t\t\t\t\n\t\t\t\t\t\t\t\t\t\t\t\t\t\t\t\t\t\t\t\t\t\t\t\t\t\t\t\t\t\t\n\t\t\t\t\t\t\t\t\n\t\t\t\t\t\t\t\t\t\t\t\t\t\t\t\t\t\t\t\t\t<h2 class=\"entry-title\">\n\t\t\t\t\t<a href=\"https:\/\/dgam.gov.sy\/?p=10364\">\n\t\t\t\t\t\t\u062e\u0627\u0646 \u0623\u0633\u0639\u062f \u0628\u0627\u0634\u0627\t\t\t\t\t<\/a>\n\t\t\t\t<\/h2>\n\t\t\t\t\t\t\t\t\t\t\t\t\t\t\t\t\t\t\t\t\t\t\t\t\t\t\t\t\t\t\t\t                                                            <div class=\"btn-wraper\">\n                                                                            <a class=\"elementskit-btn whitespace--normal\" id=\"\" href=\"https:\/\/dgam.gov.sy\/?p=10364\">\n                                            Reading the article                                                                                    <\/a>\n                                    \n                                                                    <\/div>\n                                                    <\/div><!-- .elementskit-post-body END -->\n                    <\/div>\n                \n            <\/div>\n                <\/div>\n       <\/div>\t\t\t\t<\/div>\n\t\t\t\t<\/div>\n\t\t\t\t\t<\/div>\n\t\t\t\t<\/div>\n\t\t\t\t<\/div>\n\t\t","protected":false},"excerpt":{"rendered":"<p>B\u00e2timents Historiques Des monuments qui vibrent de l\u2019esprit du pass\u00e9 Les anciennes villes et zones rurales de la Syrie poss\u00e8dent un patrimoine architectural unique qui refl\u00e8te l\u2019interaction de l\u2019humanit\u00e9 avec l\u2019environnement, le temps et les syst\u00e8mes de croyance. Les b\u00e2timents historiques en Syrie ne sont pas de simples structures en pierre et en argile ;&#8230;<\/p>\n","protected":false},"author":2,"featured_media":0,"parent":0,"menu_order":0,"comment_status":"closed","ping_status":"closed","template":"","meta":{"_kad_post_transparent":"","_kad_post_title":"hide","_kad_post_layout":"fullwidth","_kad_post_sidebar_id":"","_kad_post_content_style":"unboxed","_kad_post_vertical_padding":"hide","_kad_post_feature":"hide","_kad_post_feature_position":"","_kad_post_header":false,"_kad_post_footer":false,"_kad_post_classname":"","footnotes":""},"categories":[],"tags":[],"class_list":["post-10677","page","type-page","status-publish","hentry"],"_links":{"self":[{"href":"https:\/\/dgam.gov.sy\/index.php?rest_route=\/wp\/v2\/pages\/10677","targetHints":{"allow":["GET"]}}],"collection":[{"href":"https:\/\/dgam.gov.sy\/index.php?rest_route=\/wp\/v2\/pages"}],"about":[{"href":"https:\/\/dgam.gov.sy\/index.php?rest_route=\/wp\/v2\/types\/page"}],"author":[{"embeddable":true,"href":"https:\/\/dgam.gov.sy\/index.php?rest_route=\/wp\/v2\/users\/2"}],"replies":[{"embeddable":true,"href":"https:\/\/dgam.gov.sy\/index.php?rest_route=%2Fwp%2Fv2%2Fcomments&post=10677"}],"version-history":[{"count":7,"href":"https:\/\/dgam.gov.sy\/index.php?rest_route=\/wp\/v2\/pages\/10677\/revisions"}],"predecessor-version":[{"id":10957,"href":"https:\/\/dgam.gov.sy\/index.php?rest_route=\/wp\/v2\/pages\/10677\/revisions\/10957"}],"wp:attachment":[{"href":"https:\/\/dgam.gov.sy\/index.php?rest_route=%2Fwp%2Fv2%2Fmedia&parent=10677"}],"wp:term":[{"taxonomy":"category","embeddable":true,"href":"https:\/\/dgam.gov.sy\/index.php?rest_route=%2Fwp%2Fv2%2Fcategories&post=10677"},{"taxonomy":"post_tag","embeddable":true,"href":"https:\/\/dgam.gov.sy\/index.php?rest_route=%2Fwp%2Fv2%2Ftags&post=10677"}],"curies":[{"name":"wp","href":"https:\/\/api.w.org\/{rel}","templated":true}]}}