{"id":10696,"date":"2025-08-20T00:56:22","date_gmt":"2025-08-19T21:56:22","guid":{"rendered":"https:\/\/dgam.gov.sy\/?page_id=10696"},"modified":"2025-09-12T20:58:37","modified_gmt":"2025-09-12T17:58:37","slug":"objets-selectionnes","status":"publish","type":"page","link":"https:\/\/dgam.gov.sy\/?page_id=10696&lang=fr","title":{"rendered":"Objets S\u00e9lectionn\u00e9s"},"content":{"rendered":"\t\t<div data-elementor-type=\"wp-page\" data-elementor-id=\"10696\" class=\"elementor elementor-10696\">\n\t\t\t\t<div class=\"elementor-element elementor-element-6c1e7cf e-flex e-con-boxed e-con e-parent\" data-id=\"6c1e7cf\" data-element_type=\"container\" data-e-type=\"container\" data-settings=\"{&quot;background_background&quot;:&quot;classic&quot;}\">\n\t\t\t\t\t<div class=\"e-con-inner\">\n\t\t<div class=\"elementor-element elementor-element-bf5e1e3 e-con-full e-flex e-con e-child\" data-id=\"bf5e1e3\" data-element_type=\"container\" data-e-type=\"container\">\n\t\t\t\t<div class=\"elementor-element elementor-element-480b513 elementor-widget elementor-widget-heading\" data-id=\"480b513\" data-element_type=\"widget\" data-e-type=\"widget\" data-widget_type=\"heading.default\">\n\t\t\t\t<div class=\"elementor-widget-container\">\n\t\t\t\t\t<h2 class=\"elementor-heading-title elementor-size-default\">Objets S\u00e9lectionn\u00e9s<\/h2>\t\t\t\t<\/div>\n\t\t\t\t<\/div>\n\t\t\t\t<\/div>\n\t\t\t\t\t<\/div>\n\t\t\t\t<\/div>\n\t\t<div class=\"elementor-element elementor-element-61773a9 e-flex e-con-boxed e-con e-parent\" data-id=\"61773a9\" data-element_type=\"container\" data-e-type=\"container\">\n\t\t\t\t\t<div class=\"e-con-inner\">\n\t\t<div class=\"elementor-element elementor-element-c9b42c1 e-con-full e-flex e-con e-child\" data-id=\"c9b42c1\" data-element_type=\"container\" data-e-type=\"container\">\n\t\t<div class=\"elementor-element elementor-element-8b9a989 e-con-full e-flex e-con e-child\" data-id=\"8b9a989\" data-element_type=\"container\" data-e-type=\"container\">\n\t\t<div class=\"elementor-element elementor-element-f57c87e e-con-full e-flex e-con e-child\" data-id=\"f57c87e\" data-element_type=\"container\" data-e-type=\"container\">\n\t\t\t\t<div class=\"elementor-element elementor-element-fd337f0 elementor-widget elementor-widget-heading\" data-id=\"fd337f0\" data-element_type=\"widget\" data-e-type=\"widget\" data-widget_type=\"heading.default\">\n\t\t\t\t<div class=\"elementor-widget-container\">\n\t\t\t\t\t<h2 class=\"elementor-heading-title elementor-size-default\">\u00c9chos des Civilisations\u2026 Quand les Art\u00e9facts Parlent<\/h2>\t\t\t\t<\/div>\n\t\t\t\t<\/div>\n\t\t\t\t<div class=\"elementor-element elementor-element-829c111 elementor-widget elementor-widget-text-editor\" data-id=\"829c111\" data-element_type=\"widget\" data-e-type=\"widget\" data-widget_type=\"text-editor.default\">\n\t\t\t\t<div class=\"elementor-widget-container\">\n\t\t\t\t\t\t\t\t\t<p data-start=\"25\" data-end=\"550\">Parmi les couches du sol syrien et ses strates anciennes se trouvent des tr\u00e9sors rares t\u00e9moignant de l\u2019h\u00e9ritage culturel et humain profond qui a distingu\u00e9 cette terre pendant des mill\u00e9naires. Chaque artefact, aussi petit soit-il, porte l\u2019empreinte d\u2019une civilisation, l\u2019h\u00e9ritage d\u2019une nation et un message du pass\u00e9 au pr\u00e9sent. Dans notre s\u00e9lection d\u2019artefacts, nous pr\u00e9sentons certains des objets les plus rares et les plus significatifs d\u00e9couverts sur divers sites tels qu\u2019Ebla, Mari, Ougarit, Palmyre et la vieille Damas.<\/p><p data-start=\"552\" data-end=\"1077\">Ces pi\u00e8ces ne sont pas de simples t\u00e9moins silencieux ; ce sont des documents tangibles qui r\u00e9v\u00e8lent des d\u00e9tails de la vie quotidienne, de la pens\u00e9e, de la religion, de l\u2019art et m\u00eame des relations politiques et \u00e9conomiques qui pr\u00e9valaient \u00e0 diff\u00e9rentes \u00e9poques. Des tablettes d\u2019argile portant certaines des premi\u00e8res \u00e9critures du monde, aux statues impressionnantes, outils domestiques et tr\u00e9sors m\u00e9talliques et c\u00e9ramiques, chaque artefact raconte une histoire unique, contribuant \u00e0 la riche mosa\u00efque de l\u2019histoire syrienne.<\/p><p data-start=\"1079\" data-end=\"1425\" data-is-last-node=\"\" data-is-only-node=\"\">Nous pr\u00e9sentons ces s\u00e9lections avec soin, servant de pont entre le pass\u00e9 et le futur, entre le visiteur et le sens. C\u2019est une invitation \u00e0 s\u2019\u00e9merveiller des d\u00e9tails, \u00e0 s\u2019arr\u00eater sur la grandeur de ce que les anciens Syriens ont laiss\u00e9 derri\u00e8re eux et \u00e0 r\u00e9fl\u00e9chir \u00e0 l\u2019h\u00e9ritage qui perdure encore dans la conscience de cette terre et de son peuple.<\/p>\t\t\t\t\t\t\t\t<\/div>\n\t\t\t\t<\/div>\n\t\t\t\t<\/div>\n\t\t<div class=\"elementor-element elementor-element-50a1d85 e-con-full e-flex e-con e-child\" data-id=\"50a1d85\" data-element_type=\"container\" data-e-type=\"container\" data-settings=\"{&quot;background_background&quot;:&quot;classic&quot;}\">\n\t\t\t\t<div class=\"elementor-element elementor-element-7263af4 elementor-absolute elementor-widget elementor-widget-image\" data-id=\"7263af4\" data-element_type=\"widget\" data-e-type=\"widget\" data-settings=\"{&quot;_position&quot;:&quot;absolute&quot;}\" data-widget_type=\"image.default\">\n\t\t\t\t<div class=\"elementor-widget-container\">\n\t\t\t\t\t\t\t\t\t\t\t\t\t\t\t<img fetchpriority=\"high\" decoding=\"async\" width=\"250\" height=\"370\" src=\"https:\/\/dgam.gov.sy\/wp-content\/uploads\/2025\/05\/about-4-dots.png\" class=\"attachment-large size-large wp-image-9758\" alt=\"\" srcset=\"https:\/\/dgam.gov.sy\/wp-content\/uploads\/2025\/05\/about-4-dots.png 250w, https:\/\/dgam.gov.sy\/wp-content\/uploads\/2025\/05\/about-4-dots-203x300.png 203w\" sizes=\"(max-width: 250px) 100vw, 250px\" \/>\t\t\t\t\t\t\t\t\t\t\t\t\t\t\t<\/div>\n\t\t\t\t<\/div>\n\t\t\t\t<div class=\"elementor-element elementor-element-db668df elementor-widget elementor-widget-image\" data-id=\"db668df\" data-element_type=\"widget\" data-e-type=\"widget\" data-widget_type=\"image.default\">\n\t\t\t\t<div class=\"elementor-widget-container\">\n\t\t\t\t\t\t\t\t\t\t\t\t\t\t\t<img decoding=\"async\" width=\"1024\" height=\"768\" src=\"https:\/\/dgam.gov.sy\/wp-content\/uploads\/2025\/05\/Lion_in_the_garden_of_Palmyra_Archeological_Museum_2010-04-21.jpg\" class=\"attachment-large size-large wp-image-10117\" alt=\"\" srcset=\"https:\/\/dgam.gov.sy\/wp-content\/uploads\/2025\/05\/Lion_in_the_garden_of_Palmyra_Archeological_Museum_2010-04-21.jpg 1024w, https:\/\/dgam.gov.sy\/wp-content\/uploads\/2025\/05\/Lion_in_the_garden_of_Palmyra_Archeological_Museum_2010-04-21-300x225.jpg 300w, https:\/\/dgam.gov.sy\/wp-content\/uploads\/2025\/05\/Lion_in_the_garden_of_Palmyra_Archeological_Museum_2010-04-21-768x576.jpg 768w\" sizes=\"(max-width: 1024px) 100vw, 1024px\" \/>\t\t\t\t\t\t\t\t\t\t\t\t\t\t\t<\/div>\n\t\t\t\t<\/div>\n\t\t\t\t<\/div>\n\t\t\t\t<\/div>\n\t\t\t\t<\/div>\n\t\t\t\t\t<\/div>\n\t\t\t\t<\/div>\n\t\t<div class=\"elementor-element elementor-element-d91a4ed e-flex e-con-boxed e-con e-parent\" data-id=\"d91a4ed\" data-element_type=\"container\" data-e-type=\"container\">\n\t\t\t\t\t<div class=\"e-con-inner\">\n\t\t\t\t<div class=\"elementor-element elementor-element-c7070ff elementor-widget elementor-widget-heading\" data-id=\"c7070ff\" data-element_type=\"widget\" data-e-type=\"widget\" data-widget_type=\"heading.default\">\n\t\t\t\t<div class=\"elementor-widget-container\">\n\t\t\t\t\t<h2 class=\"elementor-heading-title elementor-size-default\">Explorer les artefacts s\u00e9lectionn\u00e9s<\/h2>\t\t\t\t<\/div>\n\t\t\t\t<\/div>\n\t\t\t\t\t<\/div>\n\t\t\t\t<\/div>\n\t\t<div class=\"elementor-element elementor-element-2d117e4 e-flex e-con-boxed e-con e-parent\" data-id=\"2d117e4\" data-element_type=\"container\" data-e-type=\"container\">\n\t\t\t\t\t<div class=\"e-con-inner\">\n\t\t<div class=\"elementor-element elementor-element-3602822 e-con-full e-flex e-con e-child\" data-id=\"3602822\" data-element_type=\"container\" data-e-type=\"container\">\n\t\t\t\t<div class=\"elementor-element elementor-element-55c9892 elementor-widget elementor-widget-image\" data-id=\"55c9892\" data-element_type=\"widget\" data-e-type=\"widget\" data-widget_type=\"image.default\">\n\t\t\t\t<div class=\"elementor-widget-container\">\n\t\t\t\t\t\t\t\t\t\t\t\t\t\t\t<img decoding=\"async\" width=\"550\" height=\"822\" src=\"https:\/\/dgam.gov.sy\/wp-content\/uploads\/2025\/05\/\u0645\u0632\u0647\u0631\u064a\u06291.jpg\" class=\"attachment-large size-large wp-image-10454\" alt=\"\" srcset=\"https:\/\/dgam.gov.sy\/wp-content\/uploads\/2025\/05\/\u0645\u0632\u0647\u0631\u064a\u06291.jpg 550w, https:\/\/dgam.gov.sy\/wp-content\/uploads\/2025\/05\/\u0645\u0632\u0647\u0631\u064a\u06291-201x300.jpg 201w\" sizes=\"(max-width: 550px) 100vw, 550px\" \/>\t\t\t\t\t\t\t\t\t\t\t\t\t\t\t<\/div>\n\t\t\t\t<\/div>\n\t\t\t\t<div class=\"elementor-element elementor-element-d977b07 elementor-widget elementor-widget-elementskit-heading\" data-id=\"d977b07\" data-element_type=\"widget\" data-e-type=\"widget\" data-widget_type=\"elementskit-heading.default\">\n\t\t\t\t<div class=\"elementor-widget-container\">\n\t\t\t\t\t<div class=\"ekit-wid-con\" ><div class=\"ekit-heading elementskit-section-title-wraper text_left   ekit_heading_tablet-   ekit_heading_mobile-text_center\"><h2 class=\"ekit-heading--title elementskit-section-title \">Vase (C\u00e9ramique)<\/h2><div class=\"ekit_heading_separetor_wraper ekit_heading_elementskit-border-divider ekit-dotted\"><div class=\"elementskit-border-divider ekit-dotted\"><\/div><\/div><h3 class=\"ekit-heading--subtitle elementskit-section-subtitle  \">\n\t\t\t\t\t\tFrom 635 AD to the Modern Era\n\t\t\t\t\t<\/h3>\t\t\t\t<div class='ekit-heading__description'>\n\t\t\t\t\t<p>Vase en c\u00e9ramique de Damas<br \/>Un vase en c\u00e9ramique de Damas pr\u00e9sentant des motifs g\u00e9om\u00e9triques et animaliers en rouge, noir et bleu, incluant un motif de paon.<\/p>\n\t\t\t\t<\/div>\n\t\t\t<\/div><\/div>\t\t\t\t<\/div>\n\t\t\t\t<\/div>\n\t\t\t\t<\/div>\n\t\t<div class=\"elementor-element elementor-element-0523db7 e-con-full e-flex e-con e-child\" data-id=\"0523db7\" data-element_type=\"container\" data-e-type=\"container\">\n\t\t\t\t<div class=\"elementor-element elementor-element-af2232b elementor-widget elementor-widget-image\" data-id=\"af2232b\" data-element_type=\"widget\" data-e-type=\"widget\" data-widget_type=\"image.default\">\n\t\t\t\t<div class=\"elementor-widget-container\">\n\t\t\t\t\t\t\t\t\t\t\t\t\t\t\t<img loading=\"lazy\" decoding=\"async\" width=\"640\" height=\"1024\" src=\"https:\/\/dgam.gov.sy\/wp-content\/uploads\/2025\/05\/43-scaled-1-640x1024.jpg\" class=\"attachment-large size-large wp-image-10455\" alt=\"\" srcset=\"https:\/\/dgam.gov.sy\/wp-content\/uploads\/2025\/05\/43-scaled-1-640x1024.jpg 640w, https:\/\/dgam.gov.sy\/wp-content\/uploads\/2025\/05\/43-scaled-1-188x300.jpg 188w, https:\/\/dgam.gov.sy\/wp-content\/uploads\/2025\/05\/43-scaled-1-768x1228.jpg 768w, https:\/\/dgam.gov.sy\/wp-content\/uploads\/2025\/05\/43-scaled-1-961x1536.jpg 961w, https:\/\/dgam.gov.sy\/wp-content\/uploads\/2025\/05\/43-scaled-1-1281x2048.jpg 1281w, https:\/\/dgam.gov.sy\/wp-content\/uploads\/2025\/05\/43-scaled-1.jpg 1601w\" sizes=\"(max-width: 640px) 100vw, 640px\" \/>\t\t\t\t\t\t\t\t\t\t\t\t\t\t\t<\/div>\n\t\t\t\t<\/div>\n\t\t\t\t<div class=\"elementor-element elementor-element-855f425 elementor-widget elementor-widget-elementskit-heading\" data-id=\"855f425\" data-element_type=\"widget\" data-e-type=\"widget\" data-widget_type=\"elementskit-heading.default\">\n\t\t\t\t<div class=\"elementor-widget-container\">\n\t\t\t\t\t<div class=\"ekit-wid-con\" ><div class=\"ekit-heading elementskit-section-title-wraper text_left   ekit_heading_tablet-   ekit_heading_mobile-text_center\"><h2 class=\"ekit-heading--title elementskit-section-title \">St\u00e8le fun\u00e9raire<\/h2><div class=\"ekit_heading_separetor_wraper ekit_heading_elementskit-border-divider ekit-dotted\"><div class=\"elementskit-border-divider ekit-dotted\"><\/div><\/div>\t\t\t\t<div class='ekit-heading__description'>\n\t\t\t\t\t<p>St\u00e8le fun\u00e9raire palmyr\u00e9nienne en calcaire, pr\u00e9sentant une repr\u00e9sentation en buste d\u2019un pr\u00eatre portant une coiffe c\u00e9r\u00e9monielle, tenant dans une main un bol rempli d\u2019encens et dans l\u2019autre une fiole pour l\u2019huile sacr\u00e9e. Datation : p\u00e9riode romaine.<\/p>\n\t\t\t\t<\/div>\n\t\t\t<\/div><\/div>\t\t\t\t<\/div>\n\t\t\t\t<\/div>\n\t\t\t\t<div class=\"elementor-element elementor-element-758ceab elementor-widget elementor-widget-sina_modal_box\" data-id=\"758ceab\" data-element_type=\"widget\" data-e-type=\"widget\" data-widget_type=\"sina_modal_box.default\">\n\t\t\t\t<div class=\"elementor-widget-container\">\n\t\t\t\t\t\t\t<div class=\"sina-modal-box\"\r\n\t\tdata-auto-show=\"\"\r\n\t\tdata-delay-show=\"\"\r\n\t\tdata-click=\"yes\"\r\n\t\tdata-esc=\"\"\r\n\t\tdata-modal-id=\"sina-modal-758ceab\">\r\n\t\t\t\t\t\t\t<div class=\"sina-btn-wrap\">\r\n\t\t\t\t\t<button class=\"sina-button sina-modal-trigger sina-modal-758ceab sina-anim-right-move \">\r\n\t\t\t\t\t\t\t\tVoir les d\u00e9tails\t\t\t\t\t\t\t<\/button>\r\n\t\t\t\t<\/div>\r\n\t\t\t\t\t\t<div class=\"sina-modal-overlay sina-modal-sina-modal-758ceab\">\r\n\t\t\t\t<div class=\"sina-modal-area sina-flex animated slideInDown\">\r\n\t\t\t\t\t<div class=\"sina-modal-content\">\r\n\t\t\t\t\t\t\t\t\t\t\t\t\t<h2 class=\"sina-modal-header\">St\u00e8le fun\u00e9raire<\/h2>\t\t\t\t\t\t\t\t\t\t\t\t<div class=\"sina-modal-body\">\r\n\t\t\t\t\t\t\t\t\t\t\t\t\t\t\t\r\n\t\t\t\t\t\t\t\t\t\t\t\t\t\t\t\t\t<div class=\"sina-modal-desc\">Num\u00e9ro de fouille : 119\n<br>\nSite : Syrie centrale, gouvernorat de Homs\n<br>\nDatation : 64 av. J.-C. \u2013 395 apr. J.-C.\n<br>\nR\u00e9pertoire : D\u00e9partement classique, Damas\n<br>\nDimensions : Hauteur : 55 cm, Largeur : 46 cm, Poids : 140 kg\n<br>\n\u00c9tat : Bon<\/div>\t\t\t\t\t\t\t\t\t\t\t\t\t\t\t\t\t\t\t\t\t<\/div>\r\n\t\t\t\t\t\t\t\t\t\t\t<\/div>\r\n\t\t\t\t<\/div>\r\n\t\t\t<\/div>\r\n\t\t<\/div><!-- .sina-modal-box -->\r\n\t\t\t\t\t\t<\/div>\n\t\t\t\t<\/div>\n\t\t\t\t<\/div>\n\t\t<div class=\"elementor-element elementor-element-7d58903 e-con-full e-flex e-con e-child\" data-id=\"7d58903\" data-element_type=\"container\" data-e-type=\"container\">\n\t\t\t\t<div class=\"elementor-element elementor-element-ff6a7e9 elementor-widget elementor-widget-image\" data-id=\"ff6a7e9\" data-element_type=\"widget\" data-e-type=\"widget\" data-widget_type=\"image.default\">\n\t\t\t\t<div class=\"elementor-widget-container\">\n\t\t\t\t\t\t\t\t\t\t\t\t\t\t\t<img loading=\"lazy\" decoding=\"async\" width=\"1024\" height=\"683\" src=\"https:\/\/dgam.gov.sy\/wp-content\/uploads\/2025\/05\/1198-2-2048x1365-1-1024x683.jpg\" class=\"attachment-large size-large wp-image-10457\" alt=\"\" srcset=\"https:\/\/dgam.gov.sy\/wp-content\/uploads\/2025\/05\/1198-2-2048x1365-1-1024x683.jpg 1024w, https:\/\/dgam.gov.sy\/wp-content\/uploads\/2025\/05\/1198-2-2048x1365-1-300x200.jpg 300w, https:\/\/dgam.gov.sy\/wp-content\/uploads\/2025\/05\/1198-2-2048x1365-1-768x512.jpg 768w, https:\/\/dgam.gov.sy\/wp-content\/uploads\/2025\/05\/1198-2-2048x1365-1-1536x1024.jpg 1536w, https:\/\/dgam.gov.sy\/wp-content\/uploads\/2025\/05\/1198-2-2048x1365-1.jpg 2048w\" sizes=\"(max-width: 1024px) 100vw, 1024px\" \/>\t\t\t\t\t\t\t\t\t\t\t\t\t\t\t<\/div>\n\t\t\t\t<\/div>\n\t\t\t\t<div class=\"elementor-element elementor-element-651003c elementor-widget elementor-widget-elementskit-heading\" data-id=\"651003c\" data-element_type=\"widget\" data-e-type=\"widget\" data-widget_type=\"elementskit-heading.default\">\n\t\t\t\t<div class=\"elementor-widget-container\">\n\t\t\t\t\t<div class=\"ekit-wid-con\" ><div class=\"ekit-heading elementskit-section-title-wraper text_left   ekit_heading_tablet-   ekit_heading_mobile-text_center\"><h2 class=\"ekit-heading--title elementskit-section-title \">Tablette \u00e0 surface polie<\/h2><div class=\"ekit_heading_separetor_wraper ekit_heading_elementskit-border-divider ekit-dotted\"><div class=\"elementskit-border-divider ekit-dotted\"><\/div><\/div>\t\t\t\t<div class='ekit-heading__description'>\n\t\t\t\t\t<p>Tablette \u00e0 surface polie, de petite taille, en pierre noire, portant des inscriptions grav\u00e9es et des motifs symboliques des deux c\u00f4t\u00e9s. Sur le premier c\u00f4t\u00e9 apparaissent plusieurs symboles : un serpent, un scorpion et des formes g\u00e9om\u00e9triques telles que des cercles et des lignes droites.<\/p>\n\t\t\t\t<\/div>\n\t\t\t<\/div><\/div>\t\t\t\t<\/div>\n\t\t\t\t<\/div>\n\t\t\t\t<div class=\"elementor-element elementor-element-4c4055a elementor-widget elementor-widget-sina_modal_box\" data-id=\"4c4055a\" data-element_type=\"widget\" data-e-type=\"widget\" data-widget_type=\"sina_modal_box.default\">\n\t\t\t\t<div class=\"elementor-widget-container\">\n\t\t\t\t\t\t\t<div class=\"sina-modal-box\"\r\n\t\tdata-auto-show=\"\"\r\n\t\tdata-delay-show=\"\"\r\n\t\tdata-click=\"yes\"\r\n\t\tdata-esc=\"\"\r\n\t\tdata-modal-id=\"sina-modal-4c4055a\">\r\n\t\t\t\t\t\t\t<div class=\"sina-btn-wrap\">\r\n\t\t\t\t\t<button class=\"sina-button sina-modal-trigger sina-modal-4c4055a sina-anim-right-move \">\r\n\t\t\t\t\t\t\t\tVoir les d\u00e9tails\t\t\t\t\t\t\t<\/button>\r\n\t\t\t\t<\/div>\r\n\t\t\t\t\t\t<div class=\"sina-modal-overlay sina-modal-sina-modal-4c4055a\">\r\n\t\t\t\t<div class=\"sina-modal-area sina-flex animated slideInDown\">\r\n\t\t\t\t\t<div class=\"sina-modal-content\">\r\n\t\t\t\t\t\t\t\t\t\t\t\t\t<h2 class=\"sina-modal-header\">Tablette \u00e0 surface polie<\/h2>\t\t\t\t\t\t\t\t\t\t\t\t<div class=\"sina-modal-body\">\r\n\t\t\t\t\t\t\t\t\t\t\t\t\t\t\t\r\n\t\t\t\t\t\t\t\t\t\t\t\t\t\t\t\t\t<div class=\"sina-modal-desc\">Num\u00e9ro de fouille : 1198M\n<br>\nSite : Al-Jarf Al-Ahmar sur le fleuve Euphrate, gouvernorat d\u2019Alep\n<br>\nDatation : 9200\u20138800 av. J.-C.\n<br>\nD\u00e9p\u00f4t : Mus\u00e9e des \u00c2ges, Damas\n<br>\nDimensions : Longueur : 5,8 cm, Largeur : 3,6 cm, \u00c9paisseur : 1,1 cm\n<br>\n\u00c9tat : Bon\n<br>\nDescription :\nUne petite tablette en pierre noire polie, portant des motifs symboliques grav\u00e9s sur les deux faces. La premi\u00e8re face pr\u00e9sente plusieurs symboles : un serpent, un scorpion et des formes g\u00e9om\u00e9triques telles que des cercles et des lignes droites. Le verso comporte plusieurs angles, chacun contenant un petit trou, repr\u00e9sentant possiblement des personnes ou des animaux de la p\u00e9riode N\u00e9olithique pr\u00e9c\u00e9ramique A (PPNA).<\/div>\t\t\t\t\t\t\t\t\t\t\t\t\t\t\t\t\t\t\t\t\t<\/div>\r\n\t\t\t\t\t\t\t\t\t\t\t<\/div>\r\n\t\t\t\t<\/div>\r\n\t\t\t<\/div>\r\n\t\t<\/div><!-- .sina-modal-box -->\r\n\t\t\t\t\t\t<\/div>\n\t\t\t\t<\/div>\n\t\t\t\t<\/div>\n\t\t<div class=\"elementor-element elementor-element-fb4235b e-con-full e-flex e-con e-child\" data-id=\"fb4235b\" data-element_type=\"container\" data-e-type=\"container\">\n\t\t\t\t<div class=\"elementor-element elementor-element-a177901 elementor-widget elementor-widget-image\" data-id=\"a177901\" data-element_type=\"widget\" data-e-type=\"widget\" data-widget_type=\"image.default\">\n\t\t\t\t<div class=\"elementor-widget-container\">\n\t\t\t\t\t\t\t\t\t\t\t\t\t\t\t<img loading=\"lazy\" decoding=\"async\" width=\"889\" height=\"1024\" src=\"https:\/\/dgam.gov.sy\/wp-content\/uploads\/2025\/05\/49-889x1024.jpg\" class=\"attachment-large size-large wp-image-10458\" alt=\"\" srcset=\"https:\/\/dgam.gov.sy\/wp-content\/uploads\/2025\/05\/49-889x1024.jpg 889w, https:\/\/dgam.gov.sy\/wp-content\/uploads\/2025\/05\/49-260x300.jpg 260w, https:\/\/dgam.gov.sy\/wp-content\/uploads\/2025\/05\/49-768x885.jpg 768w, https:\/\/dgam.gov.sy\/wp-content\/uploads\/2025\/05\/49-1333x1536.jpg 1333w, https:\/\/dgam.gov.sy\/wp-content\/uploads\/2025\/05\/49.jpg 1590w\" sizes=\"(max-width: 889px) 100vw, 889px\" \/>\t\t\t\t\t\t\t\t\t\t\t\t\t\t\t<\/div>\n\t\t\t\t<\/div>\n\t\t\t\t<div class=\"elementor-element elementor-element-8d6721a elementor-widget elementor-widget-elementskit-heading\" data-id=\"8d6721a\" data-element_type=\"widget\" data-e-type=\"widget\" data-widget_type=\"elementskit-heading.default\">\n\t\t\t\t<div class=\"elementor-widget-container\">\n\t\t\t\t\t<div class=\"ekit-wid-con\" ><div class=\"ekit-heading elementskit-section-title-wraper text_left   ekit_heading_tablet-   ekit_heading_mobile-text_center\"><h2 class=\"ekit-heading--title elementskit-section-title \">Verre \u00e0 boire<\/h2><div class=\"ekit_heading_separetor_wraper ekit_heading_elementskit-border-divider ekit-dotted\"><div class=\"elementskit-border-divider ekit-dotted\"><\/div><\/div>\t\t\t\t<div class='ekit-heading__description'>\n\t\t\t\t\t<p>Description : Un verre en forme de c\u00f4ne invers\u00e9, \u00e0 base \u00e9troite et pied manquant. Il poss\u00e8de deux anses lat\u00e9rales et est d\u00e9cor\u00e9 de lignes en relief repr\u00e9sentant des feuilles de plante, dispos\u00e9es en motifs g\u00e9om\u00e9triques.<\/p>\n<p>\u00c9tat : Cass\u00e9 et restaur\u00e9.<\/p>\n<p>Datation : P\u00e9riode romaine.<\/p>\n\t\t\t\t<\/div>\n\t\t\t<\/div><\/div>\t\t\t\t<\/div>\n\t\t\t\t<\/div>\n\t\t\t\t<div class=\"elementor-element elementor-element-e7b3a79 elementor-widget elementor-widget-sina_modal_box\" data-id=\"e7b3a79\" data-element_type=\"widget\" data-e-type=\"widget\" data-widget_type=\"sina_modal_box.default\">\n\t\t\t\t<div class=\"elementor-widget-container\">\n\t\t\t\t\t\t\t<div class=\"sina-modal-box\"\r\n\t\tdata-auto-show=\"\"\r\n\t\tdata-delay-show=\"\"\r\n\t\tdata-click=\"yes\"\r\n\t\tdata-esc=\"\"\r\n\t\tdata-modal-id=\"sina-modal-e7b3a79\">\r\n\t\t\t\t\t\t\t<div class=\"sina-btn-wrap\">\r\n\t\t\t\t\t<button class=\"sina-button sina-modal-trigger sina-modal-e7b3a79 sina-anim-right-move \">\r\n\t\t\t\t\t\t\t\tVoir les d\u00e9tails\t\t\t\t\t\t\t<\/button>\r\n\t\t\t\t<\/div>\r\n\t\t\t\t\t\t<div class=\"sina-modal-overlay sina-modal-sina-modal-e7b3a79\">\r\n\t\t\t\t<div class=\"sina-modal-area sina-flex animated slideInDown\">\r\n\t\t\t\t\t<div class=\"sina-modal-content\">\r\n\t\t\t\t\t\t\t\t\t\t\t\t\t<h2 class=\"sina-modal-header\">Verre \u00e0 boire<\/h2>\t\t\t\t\t\t\t\t\t\t\t\t<div class=\"sina-modal-body\">\r\n\t\t\t\t\t\t\t\t\t\t\t\t\t\t\t\r\n\t\t\t\t\t\t\t\t\t\t\t\t\t\t\t\t\t<div class=\"sina-modal-desc\">Num\u00e9ro d\u2019objet : 4967\/10964\n\nSite : Khirbet Zakiyah, campagne de Damas\n<br>\nDatation : 64 av. J.-C. \u2013 395 ap. J.-C.\n<br>\nEmplacement actuel : Mus\u00e9e Classique, Damas\n<br>\nDimensions : Hauteur : 15 cm | Largeur : 15 cm\n<br>\n\u00c9tat : Bon\n<br>\nDescription :\nUn verre en forme de c\u00f4ne invers\u00e9 \u00e0 base \u00e9troite et pied manquant. Il comporte deux anses lat\u00e9rales et est d\u00e9cor\u00e9 de lignes en relief repr\u00e9sentant des feuilles de plante, stylis\u00e9es en motifs g\u00e9om\u00e9triques. Cass\u00e9 et restaur\u00e9.\n<br>\nP\u00e9riode : Romaine<\/div>\t\t\t\t\t\t\t\t\t\t\t\t\t\t\t\t\t\t\t\t\t<\/div>\r\n\t\t\t\t\t\t\t\t\t\t\t<\/div>\r\n\t\t\t\t<\/div>\r\n\t\t\t<\/div>\r\n\t\t<\/div><!-- .sina-modal-box -->\r\n\t\t\t\t\t\t<\/div>\n\t\t\t\t<\/div>\n\t\t\t\t<\/div>\n\t\t\t\t\t<\/div>\n\t\t\t\t<\/div>\n\t\t\t\t<\/div>\n\t\t","protected":false},"excerpt":{"rendered":"<p>Objets S\u00e9lectionn\u00e9s \u00c9chos des Civilisations\u2026 Quand les Art\u00e9facts Parlent Parmi les couches du sol syrien et ses strates anciennes se trouvent des tr\u00e9sors rares t\u00e9moignant de l\u2019h\u00e9ritage culturel et humain profond qui a distingu\u00e9 cette terre pendant des mill\u00e9naires. Chaque artefact, aussi petit soit-il, porte l\u2019empreinte d\u2019une civilisation, l\u2019h\u00e9ritage d\u2019une nation et un message du&#8230;<\/p>\n","protected":false},"author":2,"featured_media":0,"parent":0,"menu_order":0,"comment_status":"closed","ping_status":"closed","template":"","meta":{"_kad_post_transparent":"","_kad_post_title":"hide","_kad_post_layout":"fullwidth","_kad_post_sidebar_id":"","_kad_post_content_style":"unboxed","_kad_post_vertical_padding":"hide","_kad_post_feature":"hide","_kad_post_feature_position":"","_kad_post_header":false,"_kad_post_footer":false,"_kad_post_classname":"","footnotes":""},"categories":[],"tags":[],"class_list":["post-10696","page","type-page","status-publish","hentry"],"_links":{"self":[{"href":"https:\/\/dgam.gov.sy\/index.php?rest_route=\/wp\/v2\/pages\/10696","targetHints":{"allow":["GET"]}}],"collection":[{"href":"https:\/\/dgam.gov.sy\/index.php?rest_route=\/wp\/v2\/pages"}],"about":[{"href":"https:\/\/dgam.gov.sy\/index.php?rest_route=\/wp\/v2\/types\/page"}],"author":[{"embeddable":true,"href":"https:\/\/dgam.gov.sy\/index.php?rest_route=\/wp\/v2\/users\/2"}],"replies":[{"embeddable":true,"href":"https:\/\/dgam.gov.sy\/index.php?rest_route=%2Fwp%2Fv2%2Fcomments&post=10696"}],"version-history":[{"count":7,"href":"https:\/\/dgam.gov.sy\/index.php?rest_route=\/wp\/v2\/pages\/10696\/revisions"}],"predecessor-version":[{"id":10960,"href":"https:\/\/dgam.gov.sy\/index.php?rest_route=\/wp\/v2\/pages\/10696\/revisions\/10960"}],"wp:attachment":[{"href":"https:\/\/dgam.gov.sy\/index.php?rest_route=%2Fwp%2Fv2%2Fmedia&parent=10696"}],"wp:term":[{"taxonomy":"category","embeddable":true,"href":"https:\/\/dgam.gov.sy\/index.php?rest_route=%2Fwp%2Fv2%2Fcategories&post=10696"},{"taxonomy":"post_tag","embeddable":true,"href":"https:\/\/dgam.gov.sy\/index.php?rest_route=%2Fwp%2Fv2%2Ftags&post=10696"}],"curies":[{"name":"wp","href":"https:\/\/api.w.org\/{rel}","templated":true}]}}